{"id":1351,"date":"2018-10-29T09:09:38","date_gmt":"2018-10-29T09:09:38","guid":{"rendered":"http:\/\/dolcino.mikado-themes.com\/?page_id=1351"},"modified":"2021-01-08T20:37:48","modified_gmt":"2021-01-08T20:37:48","slug":"our-services","status":"publish","type":"page","link":"https:\/\/mrcupcakes.ca\/fr\/our-services\/","title":{"rendered":"Nos services"},"content":{"rendered":"<p>[vc_row gap=\u00a0\u00bb35&Prime; row_content_width=\u00a0\u00bbgrid\u00a0\u00bb css=\u00a0\u00bb.vc_custom_1540804650542{padding-top: 160px !important;padding-bottom: 160px !important;}\u00a0\u00bb][vc_column offset=\u00a0\u00bbvc_col-lg-6 vc_col-md-12&Prime;][vc_single_image image=\u00a0\u00bb4589&Prime; img_size=\u00a0\u00bbfull\u00a0\u00bb][vc_empty_space height=\u00a0\u00bb50px\u00a0\u00bb][\/vc_column][vc_column offset=\u00a0\u00bbvc_col-lg-6 vc_col-md-12&Prime;]<div class=\"mkdf-accordion-holder mkdf-ac-default  mkdf-accordion mkdf-ac-simple  clearfix\">\n\t<h5 class=\"mkdf-accordion-title\" style=\"font-size: 13px;font-weight: 500;letter-spacing: 2px\">\n    <span class=\"mkdf-accordion-mark\" style=\"font-size: 13px;font-weight: 500;letter-spacing: 2px\">\n\t\t<span class=\"mkdf_icon_plus icon_plus\"><\/span>\n\t\t<span class=\"mkdf_icon_minus icon_minus-06\"><\/span>\n\t<\/span>\n\t<span class=\"mkdf-tab-title\">Cupcakes pour entreprise<\/span>\n<\/h5>\n<div class=\"mkdf-accordion-content\">\n\t<div class=\"mkdf-accordion-content-inner\">\n\t\t[vc_column_text]Cupcakes d&rsquo;entreprise et d&rsquo;affaires. Nous avons personnalis\u00e9 et livr\u00e9 des cupcakes pour servir des milliers de personnes lors d&rsquo;\u00e9v\u00e9nements d&rsquo;entreprise et pour des campagnes de marketing. Nous comptons parmi nos clients des entreprises du Fortune 500, PME et entreprises familiales. Petits ou grands, nous faisons tout ![\/vc_column_text]\t<\/div>\n<\/div><h5 class=\"mkdf-accordion-title\" style=\"font-size: 13px;font-weight: 500;letter-spacing: 2px\">\n    <span class=\"mkdf-accordion-mark\" style=\"font-size: 13px;font-weight: 500;letter-spacing: 2px\">\n\t\t<span class=\"mkdf_icon_plus icon_plus\"><\/span>\n\t\t<span class=\"mkdf_icon_minus icon_minus-06\"><\/span>\n\t<\/span>\n\t<span class=\"mkdf-tab-title\">Cupcakes pour mariage<\/span>\n<\/h5>\n<div class=\"mkdf-accordion-content\">\n\t<div class=\"mkdf-accordion-content-inner\">\n\t\t[vc_column_text]Parfois, un gros g\u00e2teau de mariage ne fait pas l&rsquo;affaire. Vous avez peut-\u00eatre d\u00e9j\u00e0 un g\u00e2teau et vous cherchez \u00e0 ajouter une table de sucreries ou des petits g\u00e2teaux pour complimenter votre table de mariage. Nous avons les meilleurs cupcakes en ville. Toujours frais, jamais congel\u00e9s ![\/vc_column_text]\t<\/div>\n<\/div><h5 class=\"mkdf-accordion-title\" style=\"font-size: 13px;font-weight: 500;letter-spacing: 2px\">\n    <span class=\"mkdf-accordion-mark\" style=\"font-size: 13px;font-weight: 500;letter-spacing: 2px\">\n\t\t<span class=\"mkdf_icon_plus icon_plus\"><\/span>\n\t\t<span class=\"mkdf_icon_minus icon_minus-06\"><\/span>\n\t<\/span>\n\t<span class=\"mkdf-tab-title\">Images imprim\u00e9es sur mesure<\/span>\n<\/h5>\n<div class=\"mkdf-accordion-content\">\n\t<div class=\"mkdf-accordion-content-inner\">\n\t\t[vc_column_text]Batman, Superman, Spider-man, Paw Patrol, Minnie Mouse. Quel que soit votre th\u00e8me, nous avons une \u00e9quipe de graphistes pr\u00eats \u00e0 cr\u00e9er des petits g\u00e2teaux qui correspondent exactement \u00e0 votre vision. Nous pouvons imprimer des images comestibles sur du papier de sucre. Envoyez-nous votre propre image ou laissez-nous en cr\u00e9er une pour vous. Le r\u00e9sultat final, quelque chose de vraiment personnalis\u00e9, d\u00e9licieux et spectaculaire ![\/vc_column_text]\t<\/div>\n<\/div><h5 class=\"mkdf-accordion-title\" style=\"font-size: 13px;font-weight: 500;letter-spacing: 2px\">\n    <span class=\"mkdf-accordion-mark\" style=\"font-size: 13px;font-weight: 500;letter-spacing: 2px\">\n\t\t<span class=\"mkdf_icon_plus icon_plus\"><\/span>\n\t\t<span class=\"mkdf_icon_minus icon_minus-06\"><\/span>\n\t<\/span>\n\t<span class=\"mkdf-tab-title\">Autres produits<\/span>\n<\/h5>\n<div class=\"mkdf-accordion-content\">\n\t<div class=\"mkdf-accordion-content-inner\">\n\t\t[vc_column_text]En plus des cupcakes, nous cr\u00e9ons \u00e9galement des biscuits au sucre d\u00e9cor\u00e9s, biscuits aux p\u00e9pites de chocolat, cake-pops, g\u00e2teaux au fromage personnels, brownies, et bient\u00f4t des do-nuts !<br \/>\ntoujours sans noix.[\/vc_column_text]\t<\/div>\n<\/div><\/div>[\/vc_column][\/vc_row][vc_row row_content_width=\u00a0\u00bbgrid\u00a0\u00bb css=\u00a0\u00bb.vc_custom_1540804576152{padding-top: 146px !important;}\u00a0\u00bb simple_background_color=\u00a0\u00bb#fbf6f3&Prime;][vc_column]<div class=\"mkdf-section-title-holder  mkdf-st-standard mkdf-st-title-left mkdf-st-normal-space \" style=\"text-align: center\">\n\t<div class=\"mkdf-st-inner\">\n                    <p class=\"mkdf-st-intro-text\"  > nous serons toujours <\/p>\n        \t\t\t\t\t<h2 class=\"mkdf-st-title\" >\n\t\t\t\tsans noix !\t\t\t<\/h2>\n\t\t                    <div class=\"mkdf-separator-holder clearfix  mkdf-separator-center mkdf-separator-advanced-center mkdf-separator-advanced\">\n\t<div class=\"mkdf-separator\" >\n                    <div class=\"mkdf-adv-sep-inner\">\n                <div class=\"mkdf-adv-sep-line\"  ><\/div>\n                <div class=\"mkdf-adv-sep-dot\"  ><\/div>\n            <\/div>\n            <\/div>\n<\/div>\n        \t\t\t<\/div>\n<\/div>[\/vc_column][\/vc_row][vc_row row_content_width=\u00a0\u00bbgrid\u00a0\u00bb css=\u00a0\u00bb.vc_custom_1541583658626{padding-top: 11px !important;padding-bottom: 100px !important;}\u00a0\u00bb simple_background_color=\u00a0\u00bb#fbf6f3&Prime;][vc_column offset=\u00a0\u00bbvc_col-lg-6 vc_col-md-12&Prime;][vc_column_text]Nous comprenons les probl\u00e8mes et les difficult\u00e9s li\u00e9s aux allergies aux arachides et aux noix. Tous les cupcakes et gla\u00e7ages sont cr\u00e9\u00e9s dans un environnement sans noix en utilisant des ingr\u00e9dients sans noix. Nous livrons dans de nombreuses garderies et \u00e9coles de la grande r\u00e9gion de Montr\u00e9al et Laval, personne ne devrait avoir \u00e0 refuser un d\u00e9licieux cupcake ![\/vc_column_text][vc_empty_space height=\u00a0\u00bb50px\u00a0\u00bb][\/vc_column][vc_column offset=\u00a0\u00bbvc_col-lg-6 vc_col-md-12&Prime;][vc_column_text]<\/p>\n<p style=\"text-align: center;\"><img loading=\"lazy\" decoding=\"async\" src=\"https:\/\/mrcupcakes.ca\/wp-content\/uploads\/2020\/04\/no_nut.png\" alt=\"\" width=\"100\" height=\"100\" \/> \u00a0<img loading=\"lazy\" decoding=\"async\" src=\"https:\/\/mrcupcakes.ca\/wp-content\/uploads\/2020\/06\/school_safe.png\" alt=\"\" width=\"100\" height=\"100\" \/> \u00a0<img loading=\"lazy\" decoding=\"async\" src=\"https:\/\/mrcupcakes.ca\/wp-content\/uploads\/2020\/04\/delivery.png\" alt=\"\" width=\"100\" height=\"100\" \/><\/p>\n<p>[\/vc_column_text][vc_empty_space height=\u00a0\u00bb50px\u00a0\u00bb][\/vc_column][\/vc_row]<\/p>\n","protected":false},"excerpt":{"rendered":"<p>[vc_row gap=\u00a0\u00bb35&Prime; row_content_width=\u00a0\u00bbgrid\u00a0\u00bb css=\u00a0\u00bb.vc_custom_1540804650542{padding-top: 160px !important;padding-bottom: 160px !important;}\u00a0\u00bb][vc_column offset=\u00a0\u00bbvc_col-lg-6 vc_col-md-12&Prime;][vc_single_image image=\u00a0\u00bb4589&Prime; img_size=\u00a0\u00bbfull\u00a0\u00bb][vc_empty_space height=\u00a0\u00bb50px\u00a0\u00bb][\/vc_column][vc_column offset=\u00a0\u00bbvc_col-lg-6 vc_col-md-12&Prime;][\/vc_column][\/vc_row][vc_row row_content_width=\u00a0\u00bbgrid\u00a0\u00bb css=\u00a0\u00bb.vc_custom_1540804576152{padding-top: 146px !important;}\u00a0\u00bb simple_background_color=\u00a0\u00bb#fbf6f3&Prime;][vc_column][\/vc_column][\/vc_row][vc_row row_content_width=\u00a0\u00bbgrid\u00a0\u00bb css=\u00a0\u00bb.vc_custom_1541583658626{padding-top: 11px !important;padding-bottom: 100px !important;}\u00a0\u00bb simple_background_color=\u00a0\u00bb#fbf6f3&Prime;][vc_column offset=\u00a0\u00bbvc_col-lg-6 vc_col-md-12&Prime;][vc_column_text]Nous comprenons les probl\u00e8mes et les difficult\u00e9s li\u00e9s aux allergies aux arachides et aux noix. Tous les cupcakes et gla\u00e7ages sont cr\u00e9\u00e9s dans un environnement sans noix en utilisant des ingr\u00e9dients sans noix. Nous livrons dans de nombreuses garderies et \u00e9coles de la grande r\u00e9gion de Montr\u00e9al et Laval, personne ne devrait avoir \u00e0 refuser un d\u00e9licieux [&hellip;]<\/p>\n","protected":false},"author":1,"featured_media":0,"parent":0,"menu_order":0,"comment_status":"closed","ping_status":"closed","template":"full-width.php","meta":{"footnotes":""},"class_list":["post-1351","page","type-page","status-publish","hentry"],"yoast_head":"<!-- This site is optimized with the Yoast SEO plugin v27.0 - https:\/\/yoast.com\/product\/yoast-seo-wordpress\/ -->\n<title>Nos services - Mr. Cupcakes Montreal<\/title>\n<meta name=\"description\" content=\"frWe offer a large aray of cupcake services. Cupcake towers, custom printed images, messages or company logos and of course we deliver!\" \/>\n<meta name=\"robots\" content=\"index, follow, max-snippet:-1, max-image-preview:large, max-video-preview:-1\" \/>\n<link rel=\"canonical\" href=\"https:\/\/mrcupcakes.ca\/our-services\/\" \/>\n<meta property=\"og:locale\" content=\"fr_FR\" \/>\n<meta property=\"og:type\" content=\"article\" \/>\n<meta property=\"og:title\" content=\"Nos services - Mr. Cupcakes Montreal\" \/>\n<meta property=\"og:description\" content=\"{:en}We offer a large aray of cupcake services. Cupcake towers, custom printed images, messages or company logos and of course we deliver!{:fr}frWe offer a large aray of cupcake services. Cupcake towers, custom printed images, messages or company logos and of course we deliver!{:}\" \/>\n<meta property=\"og:url\" content=\"https:\/\/mrcupcakes.ca\/our-services\/\" \/>\n<meta property=\"og:site_name\" content=\"Mr. Cupcakes Montreal\" \/>\n<meta property=\"article:publisher\" content=\"https:\/\/www.facebook.com\/MrCupcakes.ca\/\" \/>\n<meta property=\"article:modified_time\" content=\"2021-01-08T20:37:48+00:00\" \/>\n<meta property=\"og:image\" content=\"https:\/\/mrcupcakes.ca\/wp-content\/uploads\/2020\/04\/no_nut.png\" \/>\n<meta name=\"twitter:card\" content=\"summary_large_image\" \/>\n<meta name=\"twitter:site\" content=\"@MrCupcakesCan\" \/>\n<meta name=\"twitter:label1\" content=\"Dur\u00e9e de lecture estim\u00e9e\" \/>\n\t<meta name=\"twitter:data1\" content=\"3 minutes\" \/>\n<script type=\"application\/ld+json\" class=\"yoast-schema-graph\">{\"@context\":\"https:\/\/schema.org\",\"@graph\":[{\"@type\":\"WebPage\",\"@id\":\"https:\/\/mrcupcakes.ca\/our-services\/\",\"url\":\"https:\/\/mrcupcakes.ca\/our-services\/\",\"name\":\"Nos services - Mr. Cupcakes Montreal\",\"isPartOf\":{\"@id\":\"https:\/\/mrcupcakes.ca\/#website\"},\"primaryImageOfPage\":{\"@id\":\"https:\/\/mrcupcakes.ca\/our-services\/#primaryimage\"},\"image\":{\"@id\":\"https:\/\/mrcupcakes.ca\/our-services\/#primaryimage\"},\"thumbnailUrl\":\"https:\/\/mrcupcakes.ca\/wp-content\/uploads\/2020\/04\/no_nut.png\",\"datePublished\":\"2018-10-29T09:09:38+00:00\",\"dateModified\":\"2021-01-08T20:37:48+00:00\",\"description\":\"{:en}We offer a large aray of cupcake services. Cupcake towers, custom printed images, messages or company logos and of course we deliver!{:fr}frWe offer a large aray of cupcake services. Cupcake towers, custom printed images, messages or company logos and of course we deliver!{:}\",\"breadcrumb\":{\"@id\":\"https:\/\/mrcupcakes.ca\/our-services\/#breadcrumb\"},\"inLanguage\":\"fr-FR\",\"potentialAction\":[{\"@type\":\"ReadAction\",\"target\":[\"https:\/\/mrcupcakes.ca\/our-services\/\"]}]},{\"@type\":\"ImageObject\",\"inLanguage\":\"fr-FR\",\"@id\":\"https:\/\/mrcupcakes.ca\/our-services\/#primaryimage\",\"url\":\"https:\/\/mrcupcakes.ca\/wp-content\/uploads\/2020\/04\/no_nut.png\",\"contentUrl\":\"https:\/\/mrcupcakes.ca\/wp-content\/uploads\/2020\/04\/no_nut.png\"},{\"@type\":\"BreadcrumbList\",\"@id\":\"https:\/\/mrcupcakes.ca\/our-services\/#breadcrumb\",\"itemListElement\":[{\"@type\":\"ListItem\",\"position\":1,\"name\":\"Home\",\"item\":\"https:\/\/mrcupcakes.ca\/\"},{\"@type\":\"ListItem\",\"position\":2,\"name\":\"Our services\"}]},{\"@type\":\"WebSite\",\"@id\":\"https:\/\/mrcupcakes.ca\/#website\",\"url\":\"https:\/\/mrcupcakes.ca\/\",\"name\":\"Mr. Cupcakes Montreal\",\"description\":\"Cupcake Delivery Service\",\"publisher\":{\"@id\":\"https:\/\/mrcupcakes.ca\/#organization\"},\"potentialAction\":[{\"@type\":\"SearchAction\",\"target\":{\"@type\":\"EntryPoint\",\"urlTemplate\":\"https:\/\/mrcupcakes.ca\/?s={search_term_string}\"},\"query-input\":{\"@type\":\"PropertyValueSpecification\",\"valueRequired\":true,\"valueName\":\"search_term_string\"}}],\"inLanguage\":\"fr-FR\"},{\"@type\":\"Organization\",\"@id\":\"https:\/\/mrcupcakes.ca\/#organization\",\"name\":\"Mr. Cupcakes\",\"url\":\"https:\/\/mrcupcakes.ca\/\",\"logo\":{\"@type\":\"ImageObject\",\"inLanguage\":\"fr-FR\",\"@id\":\"https:\/\/mrcupcakes.ca\/#\/schema\/logo\/image\/\",\"url\":\"https:\/\/mrcupcakes.ca\/wp-content\/uploads\/2020\/03\/MrCupcakes_logo_web.png\",\"contentUrl\":\"https:\/\/mrcupcakes.ca\/wp-content\/uploads\/2020\/03\/MrCupcakes_logo_web.png\",\"width\":250,\"height\":250,\"caption\":\"Mr. Cupcakes\"},\"image\":{\"@id\":\"https:\/\/mrcupcakes.ca\/#\/schema\/logo\/image\/\"},\"sameAs\":[\"https:\/\/www.facebook.com\/MrCupcakes.ca\/\",\"https:\/\/x.com\/MrCupcakesCan\",\"https:\/\/www.instagram.com\/mrcupcakes.ca\/\"]}]}<\/script>\n<!-- \/ Yoast SEO plugin. -->","yoast_head_json":{"title":"Nos services - Mr. Cupcakes Montreal","description":"frWe offer a large aray of cupcake services. Cupcake towers, custom printed images, messages or company logos and of course we deliver!","robots":{"index":"index","follow":"follow","max-snippet":"max-snippet:-1","max-image-preview":"max-image-preview:large","max-video-preview":"max-video-preview:-1"},"canonical":"https:\/\/mrcupcakes.ca\/our-services\/","og_locale":"fr_FR","og_type":"article","og_title":"Nos services - Mr. Cupcakes Montreal","og_description":"{:en}We offer a large aray of cupcake services. Cupcake towers, custom printed images, messages or company logos and of course we deliver!{:fr}frWe offer a large aray of cupcake services. Cupcake towers, custom printed images, messages or company logos and of course we deliver!{:}","og_url":"https:\/\/mrcupcakes.ca\/our-services\/","og_site_name":"Mr. Cupcakes Montreal","article_publisher":"https:\/\/www.facebook.com\/MrCupcakes.ca\/","article_modified_time":"2021-01-08T20:37:48+00:00","og_image":[{"url":"https:\/\/mrcupcakes.ca\/wp-content\/uploads\/2020\/04\/no_nut.png","type":"","width":"","height":""}],"twitter_card":"summary_large_image","twitter_site":"@MrCupcakesCan","twitter_misc":{"Dur\u00e9e de lecture estim\u00e9e":"3 minutes"},"schema":{"@context":"https:\/\/schema.org","@graph":[{"@type":"WebPage","@id":"https:\/\/mrcupcakes.ca\/our-services\/","url":"https:\/\/mrcupcakes.ca\/our-services\/","name":"Nos services - Mr. Cupcakes Montreal","isPartOf":{"@id":"https:\/\/mrcupcakes.ca\/#website"},"primaryImageOfPage":{"@id":"https:\/\/mrcupcakes.ca\/our-services\/#primaryimage"},"image":{"@id":"https:\/\/mrcupcakes.ca\/our-services\/#primaryimage"},"thumbnailUrl":"https:\/\/mrcupcakes.ca\/wp-content\/uploads\/2020\/04\/no_nut.png","datePublished":"2018-10-29T09:09:38+00:00","dateModified":"2021-01-08T20:37:48+00:00","description":"{:en}We offer a large aray of cupcake services. Cupcake towers, custom printed images, messages or company logos and of course we deliver!{:fr}frWe offer a large aray of cupcake services. Cupcake towers, custom printed images, messages or company logos and of course we deliver!{:}","breadcrumb":{"@id":"https:\/\/mrcupcakes.ca\/our-services\/#breadcrumb"},"inLanguage":"fr-FR","potentialAction":[{"@type":"ReadAction","target":["https:\/\/mrcupcakes.ca\/our-services\/"]}]},{"@type":"ImageObject","inLanguage":"fr-FR","@id":"https:\/\/mrcupcakes.ca\/our-services\/#primaryimage","url":"https:\/\/mrcupcakes.ca\/wp-content\/uploads\/2020\/04\/no_nut.png","contentUrl":"https:\/\/mrcupcakes.ca\/wp-content\/uploads\/2020\/04\/no_nut.png"},{"@type":"BreadcrumbList","@id":"https:\/\/mrcupcakes.ca\/our-services\/#breadcrumb","itemListElement":[{"@type":"ListItem","position":1,"name":"Home","item":"https:\/\/mrcupcakes.ca\/"},{"@type":"ListItem","position":2,"name":"Our services"}]},{"@type":"WebSite","@id":"https:\/\/mrcupcakes.ca\/#website","url":"https:\/\/mrcupcakes.ca\/","name":"Mr. Cupcakes Montreal","description":"Cupcake Delivery Service","publisher":{"@id":"https:\/\/mrcupcakes.ca\/#organization"},"potentialAction":[{"@type":"SearchAction","target":{"@type":"EntryPoint","urlTemplate":"https:\/\/mrcupcakes.ca\/?s={search_term_string}"},"query-input":{"@type":"PropertyValueSpecification","valueRequired":true,"valueName":"search_term_string"}}],"inLanguage":"fr-FR"},{"@type":"Organization","@id":"https:\/\/mrcupcakes.ca\/#organization","name":"Mr. Cupcakes","url":"https:\/\/mrcupcakes.ca\/","logo":{"@type":"ImageObject","inLanguage":"fr-FR","@id":"https:\/\/mrcupcakes.ca\/#\/schema\/logo\/image\/","url":"https:\/\/mrcupcakes.ca\/wp-content\/uploads\/2020\/03\/MrCupcakes_logo_web.png","contentUrl":"https:\/\/mrcupcakes.ca\/wp-content\/uploads\/2020\/03\/MrCupcakes_logo_web.png","width":250,"height":250,"caption":"Mr. Cupcakes"},"image":{"@id":"https:\/\/mrcupcakes.ca\/#\/schema\/logo\/image\/"},"sameAs":["https:\/\/www.facebook.com\/MrCupcakes.ca\/","https:\/\/x.com\/MrCupcakesCan","https:\/\/www.instagram.com\/mrcupcakes.ca\/"]}]}},"_links":{"self":[{"href":"https:\/\/mrcupcakes.ca\/fr\/wp-json\/wp\/v2\/pages\/1351","targetHints":{"allow":["GET"]}}],"collection":[{"href":"https:\/\/mrcupcakes.ca\/fr\/wp-json\/wp\/v2\/pages"}],"about":[{"href":"https:\/\/mrcupcakes.ca\/fr\/wp-json\/wp\/v2\/types\/page"}],"author":[{"embeddable":true,"href":"https:\/\/mrcupcakes.ca\/fr\/wp-json\/wp\/v2\/users\/1"}],"replies":[{"embeddable":true,"href":"https:\/\/mrcupcakes.ca\/fr\/wp-json\/wp\/v2\/comments?post=1351"}],"version-history":[{"count":25,"href":"https:\/\/mrcupcakes.ca\/fr\/wp-json\/wp\/v2\/pages\/1351\/revisions"}],"predecessor-version":[{"id":4757,"href":"https:\/\/mrcupcakes.ca\/fr\/wp-json\/wp\/v2\/pages\/1351\/revisions\/4757"}],"wp:attachment":[{"href":"https:\/\/mrcupcakes.ca\/fr\/wp-json\/wp\/v2\/media?parent=1351"}],"curies":[{"name":"wp","href":"https:\/\/api.w.org\/{rel}","templated":true}]}}